{"id":1454,"date":"2025-07-23T10:59:59","date_gmt":"2025-07-23T10:59:59","guid":{"rendered":"https:\/\/cridempelclima.com\/fiesta-presentacion-cridem-pel-clima-2025\/"},"modified":"2025-08-17T11:09:57","modified_gmt":"2025-08-17T11:09:57","slug":"fiesta-presentacion-cridem-pel-clima-2025","status":"publish","type":"page","link":"https:\/\/cridempelclima.com\/ca\/fiesta-presentacion-cridem-pel-clima-2025\/","title":{"rendered":"Festa presentaci\u00f3 Cridem pel Clima 2025"},"content":{"rendered":"\n<div style=\"height:39px\" aria-hidden=\"true\" class=\"wp-block-spacer\"><\/div>\n\n\n\n<h2 class=\"wp-block-heading\">Concert EL NIDO + EL PAR\u00d3N I TWIN FOREST &#8220;finalistes del concurs &#8220;Pasa el micro&#8221;<\/h2>\n\n\n\n<p>El quartet burgal\u00e9s&nbsp;EL NIDO, al costat dels finalistes del concurs Pasa el Micro, actuaran en la presentaci\u00f3 del Festival Cridem Pel Clima 2025.<\/p>\n\n\n\n<p>L&#8217;univers de El Nido sona a paella i llanda de pebre roig, fa olor de revetla moderna i fa gust de jota i pla\u00e7a. Les seues composicions prenen com a refer\u00e8ncia els sons i ritmes de la m\u00fasica tradicional de Castella i Lle\u00f3, com a busca d&#8217;orientaci\u00f3 i identitat en un present cada vegada m\u00e9s accelerat i convuls.<\/p>\n\n\n\n<p>Al costat de El Nido actuaran els dos finalistes de l&#8217;octava edici\u00f3 del concurs Passa el Micro. <\/p>\n\n\n\n<p>El Par\u00f3n \u00e9s una banda de rock-pop garajero nascuda a Val\u00e8ncia en 2024. Amb influ\u00e8ncies de l&#8217;escena independent nacional i una actitud descarada i pr\u00f2xima. El Par\u00f3n mescla melodies pop amb guitarres crues i lletres que parlen d&#8217;amistats, cites estranyes i els embolics del dia a dia<\/p>\n\n\n\n<p>El power trio valenci\u00e0 Twin Forest es va formar en 2017 i van comen\u00e7ar a definir un potent so caracter\u00edstic que es mou entre el rock alternatiu brit\u00e0nic i el post-hardcore, tra\u00e7ant similituds amb bandes com Arcane Roots, Biffy Clyro o Architects.<\/p>\n\n\n\n<p>Un concurs on es posa en valor la cultura de proximitat, i es vincula una convocat\u00f2ria art\u00edstica a la crisi clim\u00e0tica. El guanyador o guanyadors participaran en la s\u00e8ptima edici\u00f3 del Festival Cridem pel Clima, que se celebrar\u00e0 els dies 7 i 8 de novembre en el Centre Cultural La Rambleta de Val\u00e8ncia.<\/p>\n\n\n\n<div style=\"height:39px\" aria-hidden=\"true\" class=\"wp-block-spacer\"><\/div>\n\n\n\n<ul class=\"wp-block-list\">\n<li><strong>Artistes:<\/strong> El Nido + El Par\u00f3n i Twin Forest (2 finalistes concurs Passa el micro 2025)<\/li>\n\n\n\n<li><strong>Data:<\/strong> 21 de setembre<\/li>\n\n\n\n<li><strong>Recinte:<\/strong> Loco Club<\/li>\n\n\n\n<li><strong>Preu:<\/strong> 10\u20ac entrada anticipada + gg<\/li>\n\n\n\n<li><strong>Horari<\/strong>: apertura 18:45 H. \u2013 presentaci\u00f3 18:55 H. \u2013 concerts 19:00 H.<\/li>\n<\/ul>\n\n\n\n<div style=\"height:50px\" aria-hidden=\"true\" class=\"wp-block-spacer\"><\/div>\n\n\n\n<div class=\"wp-block-buttons has-white-background-color has-background is-content-justification-center is-layout-flex wp-container-core-buttons-is-layout-16018d1d wp-block-buttons-is-layout-flex\">\n<div class=\"wp-block-button has-custom-width wp-block-button__width-50 is-style-fill\"><a class=\"wp-block-button__link wp-element-button\" href=\"https:\/\/lococlub.es\/events\/el-nido-presentacion-cridem-pel-clima\/\">Comprar entradas<\/a><\/div>\n<\/div>\n\n\n\n<div style=\"height:50px\" aria-hidden=\"true\" class=\"wp-block-spacer\"><\/div>\n\n\n\n<div class=\"wp-block-buttons is-layout-flex wp-block-buttons-is-layout-flex\"><\/div>\n\n\n<div class=\"wp-block-image\">\n<figure class=\"aligncenter size-large\"><img fetchpriority=\"high\" decoding=\"async\" width=\"819\" height=\"1024\" src=\"https:\/\/cridempelclima.com\/wp-content\/uploads\/2025\/08\/Presentacio-CpC-Feed-finalistas-1-819x1024.jpg\" alt=\"\" class=\"wp-image-1527\" srcset=\"https:\/\/cridempelclima.com\/wp-content\/uploads\/2025\/08\/Presentacio-CpC-Feed-finalistas-1-819x1024.jpg 819w, https:\/\/cridempelclima.com\/wp-content\/uploads\/2025\/08\/Presentacio-CpC-Feed-finalistas-1-240x300.jpg 240w, https:\/\/cridempelclima.com\/wp-content\/uploads\/2025\/08\/Presentacio-CpC-Feed-finalistas-1-768x960.jpg 768w, https:\/\/cridempelclima.com\/wp-content\/uploads\/2025\/08\/Presentacio-CpC-Feed-finalistas-1-1229x1536.jpg 1229w, https:\/\/cridempelclima.com\/wp-content\/uploads\/2025\/08\/Presentacio-CpC-Feed-finalistas-1-1638x2048.jpg 1638w, https:\/\/cridempelclima.com\/wp-content\/uploads\/2025\/08\/Presentacio-CpC-Feed-finalistas-1-scaled.jpg 2048w\" sizes=\"(max-width: 819px) 100vw, 819px\" \/><\/figure><\/div>","protected":false},"excerpt":{"rendered":"<p>Concert EL NIDO + EL PAR\u00d3N I TWIN FOREST &#8220;finalistes del concurs &#8220;Pasa el micro&#8221; El quartet burgal\u00e9s&nbsp;EL NIDO, al costat dels finalistes del concurs Pasa el Micro, actuaran en la presentaci\u00f3 del Festival Cridem Pel Clima 2025. L&#8217;univers de El Nido sona a paella i llanda de pebre roig, fa olor de revetla moderna [&hellip;]<\/p>\n","protected":false},"author":1,"featured_media":0,"parent":0,"menu_order":0,"comment_status":"closed","ping_status":"closed","template":"","meta":{"footnotes":""},"class_list":["post-1454","page","type-page","status-publish","hentry"],"_links":{"self":[{"href":"https:\/\/cridempelclima.com\/ca\/wp-json\/wp\/v2\/pages\/1454","targetHints":{"allow":["GET"]}}],"collection":[{"href":"https:\/\/cridempelclima.com\/ca\/wp-json\/wp\/v2\/pages"}],"about":[{"href":"https:\/\/cridempelclima.com\/ca\/wp-json\/wp\/v2\/types\/page"}],"author":[{"embeddable":true,"href":"https:\/\/cridempelclima.com\/ca\/wp-json\/wp\/v2\/users\/1"}],"replies":[{"embeddable":true,"href":"https:\/\/cridempelclima.com\/ca\/wp-json\/wp\/v2\/comments?post=1454"}],"version-history":[{"count":3,"href":"https:\/\/cridempelclima.com\/ca\/wp-json\/wp\/v2\/pages\/1454\/revisions"}],"predecessor-version":[{"id":1529,"href":"https:\/\/cridempelclima.com\/ca\/wp-json\/wp\/v2\/pages\/1454\/revisions\/1529"}],"wp:attachment":[{"href":"https:\/\/cridempelclima.com\/ca\/wp-json\/wp\/v2\/media?parent=1454"}],"curies":[{"name":"wp","href":"https:\/\/api.w.org\/{rel}","templated":true}]}}