{"id":617,"date":"2024-09-06T07:55:04","date_gmt":"2024-09-06T07:55:04","guid":{"rendered":"https:\/\/cridempelclima.com\/compromiso-sostenibilidad\/"},"modified":"2025-10-23T16:50:47","modified_gmt":"2025-10-23T16:50:47","slug":"compromiso-sostenibilidad","status":"publish","type":"page","link":"https:\/\/cridempelclima.com\/ca\/compromiso-sostenibilidad\/","title":{"rendered":"Comprom\u00eds sostenibilitat i accessibilitat"},"content":{"rendered":"\t\t<div data-elementor-type=\"wp-page\" data-elementor-id=\"617\" class=\"elementor elementor-617\" data-elementor-post-type=\"page\">\n\t\t\t\t<div class=\"elementor-element elementor-element-9fb2724 e-flex e-con-boxed e-con e-parent\" data-id=\"9fb2724\" data-element_type=\"container\" data-e-type=\"container\" data-settings=\"{&quot;background_background&quot;:&quot;classic&quot;,&quot;shape_divider_top&quot;:&quot;tilt&quot;,&quot;shape_divider_bottom&quot;:&quot;tilt&quot;}\">\n\t\t\t\t\t<div class=\"e-con-inner\">\n\t\t\t\t<div class=\"elementor-shape elementor-shape-top\" aria-hidden=\"true\" data-negative=\"false\">\n\t\t\t<svg xmlns=\"http:\/\/www.w3.org\/2000\/svg\" viewBox=\"0 0 1000 100\" preserveAspectRatio=\"none\">\n\t<path class=\"elementor-shape-fill\" d=\"M0,6V0h1000v100L0,6z\"\/>\n<\/svg>\t\t<\/div>\n\t\t\t\t<div class=\"elementor-shape elementor-shape-bottom\" aria-hidden=\"true\" data-negative=\"false\">\n\t\t\t<svg xmlns=\"http:\/\/www.w3.org\/2000\/svg\" viewBox=\"0 0 1000 100\" preserveAspectRatio=\"none\">\n\t<path class=\"elementor-shape-fill\" d=\"M0,6V0h1000v100L0,6z\"\/>\n<\/svg>\t\t<\/div>\n\t\t\t\t<div class=\"elementor-element elementor-element-69d28bb elementor-widget__width-initial elementor-widget elementor-widget-heading\" data-id=\"69d28bb\" data-element_type=\"widget\" data-e-type=\"widget\" data-widget_type=\"heading.default\">\n\t\t\t\t<div class=\"elementor-widget-container\">\n\t\t\t\t\t<h1 class=\"elementor-heading-title elementor-size-default\">Comprom\u00eds sostenibilitat i accessibilitat<\/h1>\t\t\t\t<\/div>\n\t\t\t\t<\/div>\n\t\t\t\t<div class=\"elementor-element elementor-element-7bb93b1 elementor-widget__width-initial elementor-widget elementor-widget-text-editor\" data-id=\"7bb93b1\" data-element_type=\"widget\" data-e-type=\"widget\" data-widget_type=\"text-editor.default\">\n\t\t\t\t<div class=\"elementor-widget-container\">\n\t\t\t\t\t\t\t\t\t<p class=\"has-base-2-color has-text-color has-link-color wp-elements-8de28576bf24a6f34cebbc81d5076059\">Per al 2024, detallem una s\u00e8rie d&#8217;objectius i compromisos sobre els quals construir esta nova etapa del festival<\/p>\n\t\t\t\t\t\t\t\t<\/div>\n\t\t\t\t<\/div>\n\t\t\t\t\t<\/div>\n\t\t\t\t<\/div>\n\t\t<div class=\"elementor-element elementor-element-65b156b e-flex e-con-boxed e-con e-parent\" data-id=\"65b156b\" data-element_type=\"container\" data-e-type=\"container\">\n\t\t\t\t\t<div class=\"e-con-inner\">\n\t\t<div class=\"elementor-element elementor-element-cee21cb e-con-full e-flex e-con e-child\" data-id=\"cee21cb\" data-element_type=\"container\" data-e-type=\"container\">\n\t\t\t\t<div class=\"elementor-element elementor-element-2d3a6a8 elementor-widget elementor-widget-image\" data-id=\"2d3a6a8\" data-element_type=\"widget\" data-e-type=\"widget\" data-widget_type=\"image.default\">\n\t\t\t\t<div class=\"elementor-widget-container\">\n\t\t\t\t\t\t\t\t\t\t\t\t\t\t\t<img fetchpriority=\"high\" decoding=\"async\" width=\"400\" height=\"400\" src=\"https:\/\/cridempelclima.com\/wp-content\/uploads\/2024\/09\/musica.png\" class=\"attachment-large size-large wp-image-600\" alt=\"\" srcset=\"https:\/\/cridempelclima.com\/wp-content\/uploads\/2024\/09\/musica.png 400w, https:\/\/cridempelclima.com\/wp-content\/uploads\/2024\/09\/musica-300x300.png 300w, https:\/\/cridempelclima.com\/wp-content\/uploads\/2024\/09\/musica-150x150.png 150w\" sizes=\"(max-width: 400px) 100vw, 400px\" \/>\t\t\t\t\t\t\t\t\t\t\t\t\t\t\t<\/div>\n\t\t\t\t<\/div>\n\t\t\t\t<div class=\"elementor-element elementor-element-ba105b8 elementor-widget elementor-widget-heading\" data-id=\"ba105b8\" data-element_type=\"widget\" data-e-type=\"widget\" data-widget_type=\"heading.default\">\n\t\t\t\t<div class=\"elementor-widget-container\">\n\t\t\t\t\t<h2 class=\"elementor-heading-title elementor-size-default\">Suport a l'escena art\u00edstica local.<\/h2>\t\t\t\t<\/div>\n\t\t\t\t<\/div>\n\t\t\t\t<\/div>\n\t\t<div class=\"elementor-element elementor-element-7f09667 e-con-full e-flex e-con e-child\" data-id=\"7f09667\" data-element_type=\"container\" data-e-type=\"container\">\n\t\t\t\t<div class=\"elementor-element elementor-element-c613309 elementor-widget elementor-widget-image\" data-id=\"c613309\" data-element_type=\"widget\" data-e-type=\"widget\" data-widget_type=\"image.default\">\n\t\t\t\t<div class=\"elementor-widget-container\">\n\t\t\t\t\t\t\t\t\t\t\t\t\t\t\t<img decoding=\"async\" width=\"400\" height=\"400\" src=\"https:\/\/cridempelclima.com\/wp-content\/uploads\/2024\/09\/local.png\" class=\"attachment-large size-large wp-image-598\" alt=\"\" srcset=\"https:\/\/cridempelclima.com\/wp-content\/uploads\/2024\/09\/local.png 400w, https:\/\/cridempelclima.com\/wp-content\/uploads\/2024\/09\/local-300x300.png 300w, https:\/\/cridempelclima.com\/wp-content\/uploads\/2024\/09\/local-150x150.png 150w\" sizes=\"(max-width: 400px) 100vw, 400px\" \/>\t\t\t\t\t\t\t\t\t\t\t\t\t\t\t<\/div>\n\t\t\t\t<\/div>\n\t\t\t\t<div class=\"elementor-element elementor-element-e63e32b elementor-widget elementor-widget-heading\" data-id=\"e63e32b\" data-element_type=\"widget\" data-e-type=\"widget\" data-widget_type=\"heading.default\">\n\t\t\t\t<div class=\"elementor-widget-container\">\n\t\t\t\t\t<h2 class=\"elementor-heading-title elementor-size-default\">Prefer\u00e8ncia per a col\u00b7laborar amb empreses locals.<\/h2>\t\t\t\t<\/div>\n\t\t\t\t<\/div>\n\t\t\t\t<\/div>\n\t\t<div class=\"elementor-element elementor-element-10f69d1 e-con-full e-flex e-con e-child\" data-id=\"10f69d1\" data-element_type=\"container\" data-e-type=\"container\">\n\t\t\t\t<div class=\"elementor-element elementor-element-5773fad elementor-widget elementor-widget-image\" data-id=\"5773fad\" data-element_type=\"widget\" data-e-type=\"widget\" data-widget_type=\"image.default\">\n\t\t\t\t<div class=\"elementor-widget-container\">\n\t\t\t\t\t\t\t\t\t\t\t\t\t\t\t<img decoding=\"async\" width=\"400\" height=\"400\" src=\"https:\/\/cridempelclima.com\/wp-content\/uploads\/2024\/09\/sinergias.png\" class=\"attachment-large size-large wp-image-604\" alt=\"\" srcset=\"https:\/\/cridempelclima.com\/wp-content\/uploads\/2024\/09\/sinergias.png 400w, https:\/\/cridempelclima.com\/wp-content\/uploads\/2024\/09\/sinergias-300x300.png 300w, https:\/\/cridempelclima.com\/wp-content\/uploads\/2024\/09\/sinergias-150x150.png 150w\" sizes=\"(max-width: 400px) 100vw, 400px\" \/>\t\t\t\t\t\t\t\t\t\t\t\t\t\t\t<\/div>\n\t\t\t\t<\/div>\n\t\t\t\t<div class=\"elementor-element elementor-element-b17c5de elementor-widget elementor-widget-heading\" data-id=\"b17c5de\" data-element_type=\"widget\" data-e-type=\"widget\" data-widget_type=\"heading.default\">\n\t\t\t\t<div class=\"elementor-widget-container\">\n\t\t\t\t\t<h2 class=\"elementor-heading-title elementor-size-default\">Crear sinergies amb institucions, empreses i patrocinadors.<\/h2>\t\t\t\t<\/div>\n\t\t\t\t<\/div>\n\t\t\t\t<\/div>\n\t\t\t\t\t<\/div>\n\t\t\t\t<\/div>\n\t\t<div class=\"elementor-element elementor-element-038407c e-flex e-con-boxed e-con e-parent\" data-id=\"038407c\" data-element_type=\"container\" data-e-type=\"container\">\n\t\t\t\t\t<div class=\"e-con-inner\">\n\t\t<div class=\"elementor-element elementor-element-cde4873 e-con-full e-flex e-con e-child\" data-id=\"cde4873\" data-element_type=\"container\" data-e-type=\"container\">\n\t\t\t\t<div class=\"elementor-element elementor-element-232043d elementor-widget elementor-widget-image\" data-id=\"232043d\" data-element_type=\"widget\" data-e-type=\"widget\" data-widget_type=\"image.default\">\n\t\t\t\t<div class=\"elementor-widget-container\">\n\t\t\t\t\t\t\t\t\t\t\t\t\t\t\t<img loading=\"lazy\" decoding=\"async\" width=\"400\" height=\"400\" src=\"https:\/\/cridempelclima.com\/wp-content\/uploads\/2024\/09\/tranporte.png\" class=\"attachment-large size-large wp-image-606\" alt=\"\" srcset=\"https:\/\/cridempelclima.com\/wp-content\/uploads\/2024\/09\/tranporte.png 400w, https:\/\/cridempelclima.com\/wp-content\/uploads\/2024\/09\/tranporte-300x300.png 300w, https:\/\/cridempelclima.com\/wp-content\/uploads\/2024\/09\/tranporte-150x150.png 150w\" sizes=\"(max-width: 400px) 100vw, 400px\" \/>\t\t\t\t\t\t\t\t\t\t\t\t\t\t\t<\/div>\n\t\t\t\t<\/div>\n\t\t\t\t<div class=\"elementor-element elementor-element-d38c747 elementor-widget elementor-widget-heading\" data-id=\"d38c747\" data-element_type=\"widget\" data-e-type=\"widget\" data-widget_type=\"heading.default\">\n\t\t\t\t<div class=\"elementor-widget-container\">\n\t\t\t\t\t<h2 class=\"elementor-heading-title elementor-size-default\">Promocionar i facilitar l'\u00fas de transport p\u00fablic o compartit.<\/h2>\t\t\t\t<\/div>\n\t\t\t\t<\/div>\n\t\t\t\t<\/div>\n\t\t<div class=\"elementor-element elementor-element-e4e4d22 e-con-full e-flex e-con e-child\" data-id=\"e4e4d22\" data-element_type=\"container\" data-e-type=\"container\">\n\t\t\t\t<div class=\"elementor-element elementor-element-1ed6ca5 elementor-widget elementor-widget-image\" data-id=\"1ed6ca5\" data-element_type=\"widget\" data-e-type=\"widget\" data-widget_type=\"image.default\">\n\t\t\t\t<div class=\"elementor-widget-container\">\n\t\t\t\t\t\t\t\t\t\t\t\t\t\t\t<img loading=\"lazy\" decoding=\"async\" width=\"400\" height=\"400\" src=\"https:\/\/cridempelclima.com\/wp-content\/uploads\/2024\/09\/reciclaje.png\" class=\"attachment-large size-large wp-image-602\" alt=\"\" srcset=\"https:\/\/cridempelclima.com\/wp-content\/uploads\/2024\/09\/reciclaje.png 400w, https:\/\/cridempelclima.com\/wp-content\/uploads\/2024\/09\/reciclaje-300x300.png 300w, https:\/\/cridempelclima.com\/wp-content\/uploads\/2024\/09\/reciclaje-150x150.png 150w\" sizes=\"(max-width: 400px) 100vw, 400px\" \/>\t\t\t\t\t\t\t\t\t\t\t\t\t\t\t<\/div>\n\t\t\t\t<\/div>\n\t\t\t\t<div class=\"elementor-element elementor-element-73c50f1 elementor-widget elementor-widget-heading\" data-id=\"73c50f1\" data-element_type=\"widget\" data-e-type=\"widget\" data-widget_type=\"heading.default\">\n\t\t\t\t<div class=\"elementor-widget-container\">\n\t\t\t\t\t<h2 class=\"elementor-heading-title elementor-size-default\">Prioritzar l'\u00fas de materials reutilitzables i fer un tractament correcte de residus.<\/h2>\t\t\t\t<\/div>\n\t\t\t\t<\/div>\n\t\t\t\t<\/div>\n\t\t<div class=\"elementor-element elementor-element-38fdfaa e-con-full e-flex e-con e-child\" data-id=\"38fdfaa\" data-element_type=\"container\" data-e-type=\"container\">\n\t\t\t\t<div class=\"elementor-element elementor-element-3c6306e elementor-widget elementor-widget-image\" data-id=\"3c6306e\" data-element_type=\"widget\" data-e-type=\"widget\" data-widget_type=\"image.default\">\n\t\t\t\t<div class=\"elementor-widget-container\">\n\t\t\t\t\t\t\t\t\t\t\t\t\t\t\t<img loading=\"lazy\" decoding=\"async\" width=\"400\" height=\"400\" src=\"https:\/\/cridempelclima.com\/wp-content\/uploads\/2024\/09\/generador.png\" class=\"attachment-large size-large wp-image-594\" alt=\"\" srcset=\"https:\/\/cridempelclima.com\/wp-content\/uploads\/2024\/09\/generador.png 400w, https:\/\/cridempelclima.com\/wp-content\/uploads\/2024\/09\/generador-300x300.png 300w, https:\/\/cridempelclima.com\/wp-content\/uploads\/2024\/09\/generador-150x150.png 150w\" sizes=\"(max-width: 400px) 100vw, 400px\" \/>\t\t\t\t\t\t\t\t\t\t\t\t\t\t\t<\/div>\n\t\t\t\t<\/div>\n\t\t\t\t<div class=\"elementor-element elementor-element-1436402 elementor-widget elementor-widget-heading\" data-id=\"1436402\" data-element_type=\"widget\" data-e-type=\"widget\" data-widget_type=\"heading.default\">\n\t\t\t\t<div class=\"elementor-widget-container\">\n\t\t\t\t\t<h2 class=\"elementor-heading-title elementor-size-default\">Es prescindix de l'\u00fas de generadors el\u00e8ctrics.<\/h2>\t\t\t\t<\/div>\n\t\t\t\t<\/div>\n\t\t\t\t<\/div>\n\t\t\t\t\t<\/div>\n\t\t\t\t<\/div>\n\t\t<div class=\"elementor-element elementor-element-1099877 e-flex e-con-boxed e-con e-parent\" data-id=\"1099877\" data-element_type=\"container\" data-e-type=\"container\">\n\t\t\t\t\t<div class=\"e-con-inner\">\n\t\t<div class=\"elementor-element elementor-element-5dbca03 e-con-full elementor-hidden-mobile e-flex e-con e-child\" data-id=\"5dbca03\" data-element_type=\"container\" data-e-type=\"container\">\n\t\t\t\t<\/div>\n\t\t<div class=\"elementor-element elementor-element-cf3e1dc e-con-full e-flex e-con e-child\" data-id=\"cf3e1dc\" data-element_type=\"container\" data-e-type=\"container\">\n\t\t\t\t<div class=\"elementor-element elementor-element-18483c0 elementor-widget elementor-widget-image\" data-id=\"18483c0\" data-element_type=\"widget\" data-e-type=\"widget\" data-widget_type=\"image.default\">\n\t\t\t\t<div class=\"elementor-widget-container\">\n\t\t\t\t\t\t\t\t\t\t\t\t\t\t\t<img loading=\"lazy\" decoding=\"async\" width=\"400\" height=\"400\" src=\"https:\/\/cridempelclima.com\/wp-content\/uploads\/2024\/09\/huella.png\" class=\"attachment-large size-large wp-image-596\" alt=\"\" srcset=\"https:\/\/cridempelclima.com\/wp-content\/uploads\/2024\/09\/huella.png 400w, https:\/\/cridempelclima.com\/wp-content\/uploads\/2024\/09\/huella-300x300.png 300w, https:\/\/cridempelclima.com\/wp-content\/uploads\/2024\/09\/huella-150x150.png 150w\" sizes=\"(max-width: 400px) 100vw, 400px\" \/>\t\t\t\t\t\t\t\t\t\t\t\t\t\t\t<\/div>\n\t\t\t\t<\/div>\n\t\t\t\t<div class=\"elementor-element elementor-element-e7e2846 elementor-widget elementor-widget-heading\" data-id=\"e7e2846\" data-element_type=\"widget\" data-e-type=\"widget\" data-widget_type=\"heading.default\">\n\t\t\t\t<div class=\"elementor-widget-container\">\n\t\t\t\t\t<h2 class=\"elementor-heading-title elementor-size-default\"> Crear un informe de mesurament d'indicadors al tancament de l'edici\u00f3. Es realitzar\u00e0 un Estudi de la Petjada de Carboni.<\/h2>\t\t\t\t<\/div>\n\t\t\t\t<\/div>\n\t\t\t\t<\/div>\n\t\t<div class=\"elementor-element elementor-element-5c2eed4 e-con-full elementor-hidden-mobile e-flex e-con e-child\" data-id=\"5c2eed4\" data-element_type=\"container\" data-e-type=\"container\">\n\t\t\t\t<\/div>\n\t\t\t\t\t<\/div>\n\t\t\t\t<\/div>\n\t\t<div class=\"elementor-element elementor-element-d70ab5f e-flex e-con-boxed e-con e-parent\" data-id=\"d70ab5f\" data-element_type=\"container\" data-e-type=\"container\">\n\t\t\t\t\t<div class=\"e-con-inner\">\n\t\t\t\t<div class=\"elementor-element elementor-element-1769eec elementor-widget elementor-widget-heading\" data-id=\"1769eec\" data-element_type=\"widget\" data-e-type=\"widget\" data-widget_type=\"heading.default\">\n\t\t\t\t<div class=\"elementor-widget-container\">\n\t\t\t\t\t<h2 class=\"elementor-heading-title elementor-size-default\">Accessibilitat<\/h2>\t\t\t\t<\/div>\n\t\t\t\t<\/div>\n\t\t\t\t\t<\/div>\n\t\t\t\t<\/div>\n\t\t<div class=\"elementor-element elementor-element-a3abca8 e-grid e-con-boxed e-con e-parent\" data-id=\"a3abca8\" data-element_type=\"container\" data-e-type=\"container\">\n\t\t\t\t\t<div class=\"e-con-inner\">\n\t\t\t\t<div class=\"elementor-element elementor-element-91db334 elementor-widget elementor-widget-image\" data-id=\"91db334\" data-element_type=\"widget\" data-e-type=\"widget\" data-widget_type=\"image.default\">\n\t\t\t\t<div class=\"elementor-widget-container\">\n\t\t\t\t\t\t\t\t\t\t\t\t<figure class=\"wp-caption\">\n\t\t\t\t\t\t\t\t\t\t<img loading=\"lazy\" decoding=\"async\" width=\"800\" height=\"800\" src=\"https:\/\/cridempelclima.com\/wp-content\/uploads\/2025\/10\/icono-1-1-1024x1024.png\" class=\"attachment-large size-large wp-image-1905\" alt=\"\" srcset=\"https:\/\/cridempelclima.com\/wp-content\/uploads\/2025\/10\/icono-1-1-1024x1024.png 1024w, https:\/\/cridempelclima.com\/wp-content\/uploads\/2025\/10\/icono-1-1-300x300.png 300w, https:\/\/cridempelclima.com\/wp-content\/uploads\/2025\/10\/icono-1-1-150x150.png 150w, https:\/\/cridempelclima.com\/wp-content\/uploads\/2025\/10\/icono-1-1-768x768.png 768w, https:\/\/cridempelclima.com\/wp-content\/uploads\/2025\/10\/icono-1-1.png 1250w\" sizes=\"(max-width: 800px) 100vw, 800px\" \/>\t\t\t\t\t\t\t\t\t\t\t<figcaption class=\"widget-image-caption wp-caption-text\">Garantim l'acc\u00e9s i \u00fas d'espais per a persones amb mobilitat redu\u00efda.<\/figcaption>\n\t\t\t\t\t\t\t\t\t\t<\/figure>\n\t\t\t\t\t\t\t\t\t<\/div>\n\t\t\t\t<\/div>\n\t\t\t\t<div class=\"elementor-element elementor-element-d616e2b elementor-widget elementor-widget-image\" data-id=\"d616e2b\" data-element_type=\"widget\" data-e-type=\"widget\" data-widget_type=\"image.default\">\n\t\t\t\t<div class=\"elementor-widget-container\">\n\t\t\t\t\t\t\t\t\t\t\t\t<figure class=\"wp-caption\">\n\t\t\t\t\t\t\t\t\t\t<img loading=\"lazy\" decoding=\"async\" width=\"800\" height=\"800\" src=\"https:\/\/cridempelclima.com\/wp-content\/uploads\/2025\/10\/2-3-1024x1024.png\" class=\"attachment-large size-large wp-image-1909\" alt=\"\" srcset=\"https:\/\/cridempelclima.com\/wp-content\/uploads\/2025\/10\/2-3-1024x1024.png 1024w, https:\/\/cridempelclima.com\/wp-content\/uploads\/2025\/10\/2-3-300x300.png 300w, https:\/\/cridempelclima.com\/wp-content\/uploads\/2025\/10\/2-3-150x150.png 150w, https:\/\/cridempelclima.com\/wp-content\/uploads\/2025\/10\/2-3-768x768.png 768w, https:\/\/cridempelclima.com\/wp-content\/uploads\/2025\/10\/2-3.png 1250w\" sizes=\"(max-width: 800px) 100vw, 800px\" \/>\t\t\t\t\t\t\t\t\t\t\t<figcaption class=\"widget-image-caption wp-caption-text\">Utilitzem llenguatge inclusiu en tots els nostres canals.<\/figcaption>\n\t\t\t\t\t\t\t\t\t\t<\/figure>\n\t\t\t\t\t\t\t\t\t<\/div>\n\t\t\t\t<\/div>\n\t\t\t\t<div class=\"elementor-element elementor-element-88218a0 elementor-widget elementor-widget-image\" data-id=\"88218a0\" data-element_type=\"widget\" data-e-type=\"widget\" data-widget_type=\"image.default\">\n\t\t\t\t<div class=\"elementor-widget-container\">\n\t\t\t\t\t\t\t\t\t\t\t\t<figure class=\"wp-caption\">\n\t\t\t\t\t\t\t\t\t\t<img loading=\"lazy\" decoding=\"async\" width=\"800\" height=\"800\" src=\"https:\/\/cridempelclima.com\/wp-content\/uploads\/2025\/10\/icono-6-1024x1024.png\" class=\"attachment-large size-large wp-image-1911\" alt=\"\" srcset=\"https:\/\/cridempelclima.com\/wp-content\/uploads\/2025\/10\/icono-6-1024x1024.png 1024w, https:\/\/cridempelclima.com\/wp-content\/uploads\/2025\/10\/icono-6-300x300.png 300w, https:\/\/cridempelclima.com\/wp-content\/uploads\/2025\/10\/icono-6-150x150.png 150w, https:\/\/cridempelclima.com\/wp-content\/uploads\/2025\/10\/icono-6-768x768.png 768w, https:\/\/cridempelclima.com\/wp-content\/uploads\/2025\/10\/icono-6.png 1250w\" sizes=\"(max-width: 800px) 100vw, 800px\" \/>\t\t\t\t\t\t\t\t\t\t\t<figcaption class=\"widget-image-caption wp-caption-text\">S'admeten mascotes de companyia en els esdeveniments.<\/figcaption>\n\t\t\t\t\t\t\t\t\t\t<\/figure>\n\t\t\t\t\t\t\t\t\t<\/div>\n\t\t\t\t<\/div>\n\t\t\t\t<div class=\"elementor-element elementor-element-60dcce2 elementor-widget elementor-widget-image\" data-id=\"60dcce2\" data-element_type=\"widget\" data-e-type=\"widget\" data-widget_type=\"image.default\">\n\t\t\t\t<div class=\"elementor-widget-container\">\n\t\t\t\t\t\t\t\t\t\t\t\t<figure class=\"wp-caption\">\n\t\t\t\t\t\t\t\t\t\t<img loading=\"lazy\" decoding=\"async\" width=\"800\" height=\"800\" src=\"https:\/\/cridempelclima.com\/wp-content\/uploads\/2025\/10\/icono-2-2-1024x1024.png\" class=\"attachment-large size-large wp-image-1913\" alt=\"\" srcset=\"https:\/\/cridempelclima.com\/wp-content\/uploads\/2025\/10\/icono-2-2-1024x1024.png 1024w, https:\/\/cridempelclima.com\/wp-content\/uploads\/2025\/10\/icono-2-2-300x300.png 300w, https:\/\/cridempelclima.com\/wp-content\/uploads\/2025\/10\/icono-2-2-150x150.png 150w, https:\/\/cridempelclima.com\/wp-content\/uploads\/2025\/10\/icono-2-2-768x768.png 768w, https:\/\/cridempelclima.com\/wp-content\/uploads\/2025\/10\/icono-2-2.png 1250w\" sizes=\"(max-width: 800px) 100vw, 800px\" \/>\t\t\t\t\t\t\t\t\t\t\t<figcaption class=\"widget-image-caption wp-caption-text\">Acc\u00e9s gratu\u00eft a aigua durant l'esdeveniment.<\/figcaption>\n\t\t\t\t\t\t\t\t\t\t<\/figure>\n\t\t\t\t\t\t\t\t\t<\/div>\n\t\t\t\t<\/div>\n\t\t\t\t<div class=\"elementor-element elementor-element-4b0dab6 elementor-widget elementor-widget-image\" data-id=\"4b0dab6\" data-element_type=\"widget\" data-e-type=\"widget\" data-widget_type=\"image.default\">\n\t\t\t\t<div class=\"elementor-widget-container\">\n\t\t\t\t\t\t\t\t\t\t\t\t<figure class=\"wp-caption\">\n\t\t\t\t\t\t\t\t\t\t<img loading=\"lazy\" decoding=\"async\" width=\"800\" height=\"800\" src=\"https:\/\/cridempelclima.com\/wp-content\/uploads\/2025\/10\/icono-3-1-1024x1024.png\" class=\"attachment-large size-large wp-image-1915\" alt=\"\" srcset=\"https:\/\/cridempelclima.com\/wp-content\/uploads\/2025\/10\/icono-3-1-1024x1024.png 1024w, https:\/\/cridempelclima.com\/wp-content\/uploads\/2025\/10\/icono-3-1-300x300.png 300w, https:\/\/cridempelclima.com\/wp-content\/uploads\/2025\/10\/icono-3-1-150x150.png 150w, https:\/\/cridempelclima.com\/wp-content\/uploads\/2025\/10\/icono-3-1-768x768.png 768w, https:\/\/cridempelclima.com\/wp-content\/uploads\/2025\/10\/icono-3-1.png 1250w\" sizes=\"(max-width: 800px) 100vw, 800px\" \/>\t\t\t\t\t\t\t\t\t\t\t<figcaption class=\"widget-image-caption wp-caption-text\">Oferim preus redu\u00efts i gratu\u00efts per garantir l'acc\u00e9s.<\/figcaption>\n\t\t\t\t\t\t\t\t\t\t<\/figure>\n\t\t\t\t\t\t\t\t\t<\/div>\n\t\t\t\t<\/div>\n\t\t\t\t<div class=\"elementor-element elementor-element-292adaf elementor-widget elementor-widget-image\" data-id=\"292adaf\" data-element_type=\"widget\" data-e-type=\"widget\" data-widget_type=\"image.default\">\n\t\t\t\t<div class=\"elementor-widget-container\">\n\t\t\t\t\t\t\t\t\t\t\t\t<figure class=\"wp-caption\">\n\t\t\t\t\t\t\t\t\t\t<img loading=\"lazy\" decoding=\"async\" width=\"800\" height=\"800\" src=\"https:\/\/cridempelclima.com\/wp-content\/uploads\/2025\/10\/icono-4-1-1024x1024.png\" class=\"attachment-large size-large wp-image-1917\" alt=\"\" srcset=\"https:\/\/cridempelclima.com\/wp-content\/uploads\/2025\/10\/icono-4-1-1024x1024.png 1024w, https:\/\/cridempelclima.com\/wp-content\/uploads\/2025\/10\/icono-4-1-300x300.png 300w, https:\/\/cridempelclima.com\/wp-content\/uploads\/2025\/10\/icono-4-1-150x150.png 150w, https:\/\/cridempelclima.com\/wp-content\/uploads\/2025\/10\/icono-4-1-768x768.png 768w, https:\/\/cridempelclima.com\/wp-content\/uploads\/2025\/10\/icono-4-1.png 1250w\" sizes=\"(max-width: 800px) 100vw, 800px\" \/>\t\t\t\t\t\t\t\t\t\t\t<figcaption class=\"widget-image-caption wp-caption-text\">Creem activitats espec\u00edfiques per a col\u00b7lectius en risc d'exclusi\u00f3.<\/figcaption>\n\t\t\t\t\t\t\t\t\t\t<\/figure>\n\t\t\t\t\t\t\t\t\t<\/div>\n\t\t\t\t<\/div>\n\t\t<div class=\"elementor-element elementor-element-ed7f7c0 e-con-full e-flex e-con e-child\" data-id=\"ed7f7c0\" data-element_type=\"container\" data-e-type=\"container\">\n\t\t\t\t<\/div>\n\t\t\t\t<div class=\"elementor-element elementor-element-531e734 elementor-widget elementor-widget-image\" data-id=\"531e734\" data-element_type=\"widget\" data-e-type=\"widget\" data-widget_type=\"image.default\">\n\t\t\t\t<div class=\"elementor-widget-container\">\n\t\t\t\t\t\t\t\t\t\t\t\t<figure class=\"wp-caption\">\n\t\t\t\t\t\t\t\t\t\t<img loading=\"lazy\" decoding=\"async\" width=\"800\" height=\"800\" src=\"https:\/\/cridempelclima.com\/wp-content\/uploads\/2025\/10\/icono-7-1024x1024.png\" class=\"attachment-large size-large wp-image-1920\" alt=\"\" srcset=\"https:\/\/cridempelclima.com\/wp-content\/uploads\/2025\/10\/icono-7-1024x1024.png 1024w, https:\/\/cridempelclima.com\/wp-content\/uploads\/2025\/10\/icono-7-300x300.png 300w, https:\/\/cridempelclima.com\/wp-content\/uploads\/2025\/10\/icono-7-150x150.png 150w, https:\/\/cridempelclima.com\/wp-content\/uploads\/2025\/10\/icono-7-768x768.png 768w, https:\/\/cridempelclima.com\/wp-content\/uploads\/2025\/10\/icono-7.png 1250w\" sizes=\"(max-width: 800px) 100vw, 800px\" \/>\t\t\t\t\t\t\t\t\t\t\t<figcaption class=\"widget-image-caption wp-caption-text\">Realitzem auditories per identificar i eliminar barreres.<\/figcaption>\n\t\t\t\t\t\t\t\t\t\t<\/figure>\n\t\t\t\t\t\t\t\t\t<\/div>\n\t\t\t\t<\/div>\n\t\t\t\t\t<\/div>\n\t\t\t\t<\/div>\n\t\t\t\t<\/div>\n\t\t","protected":false},"excerpt":{"rendered":"<p>Comprom\u00eds sostenibilitat i accessibilitat Per al 2024, detallem una s\u00e8rie d&#8217;objectius i compromisos sobre els quals construir esta nova etapa del festival Suport a l&#8217;escena art\u00edstica local. Prefer\u00e8ncia per a col\u00b7laborar amb empreses locals. Crear sinergies amb institucions, empreses i patrocinadors. Promocionar i facilitar l&#8217;\u00fas de transport p\u00fablic o compartit. Prioritzar l&#8217;\u00fas de materials reutilitzables [&hellip;]<\/p>\n","protected":false},"author":1,"featured_media":0,"parent":0,"menu_order":0,"comment_status":"closed","ping_status":"closed","template":"","meta":{"footnotes":""},"class_list":["post-617","page","type-page","status-publish","hentry"],"_links":{"self":[{"href":"https:\/\/cridempelclima.com\/ca\/wp-json\/wp\/v2\/pages\/617","targetHints":{"allow":["GET"]}}],"collection":[{"href":"https:\/\/cridempelclima.com\/ca\/wp-json\/wp\/v2\/pages"}],"about":[{"href":"https:\/\/cridempelclima.com\/ca\/wp-json\/wp\/v2\/types\/page"}],"author":[{"embeddable":true,"href":"https:\/\/cridempelclima.com\/ca\/wp-json\/wp\/v2\/users\/1"}],"replies":[{"embeddable":true,"href":"https:\/\/cridempelclima.com\/ca\/wp-json\/wp\/v2\/comments?post=617"}],"version-history":[{"count":20,"href":"https:\/\/cridempelclima.com\/ca\/wp-json\/wp\/v2\/pages\/617\/revisions"}],"predecessor-version":[{"id":1936,"href":"https:\/\/cridempelclima.com\/ca\/wp-json\/wp\/v2\/pages\/617\/revisions\/1936"}],"wp:attachment":[{"href":"https:\/\/cridempelclima.com\/ca\/wp-json\/wp\/v2\/media?parent=617"}],"curies":[{"name":"wp","href":"https:\/\/api.w.org\/{rel}","templated":true}]}}